{"id":40,"date":"2021-03-10T09:29:15","date_gmt":"2021-03-10T09:29:15","guid":{"rendered":"https:\/\/www.demoapus-wp1.com\/superio-import2\/?page_id=40"},"modified":"2024-12-19T10:37:27","modified_gmt":"2024-12-19T10:37:27","slug":"sobre-nos","status":"publish","type":"page","link":"https:\/\/emprego.jornalnoticias.co.mz\/index.php\/sobre-nos\/","title":{"rendered":"Sobre n\u00f3s"},"content":{"rendered":"\t\t<div data-elementor-type=\"wp-page\" data-elementor-id=\"40\" class=\"elementor elementor-40\">\n\t\t\t\t\t\t<section class=\"elementor-section elementor-top-section elementor-element elementor-element-9488ef4 elementor-section-stretched elementor-section-boxed elementor-section-height-default elementor-section-height-default\" data-id=\"9488ef4\" data-element_type=\"section\" data-settings=\"{&quot;stretch_section&quot;:&quot;section-stretched&quot;}\">\n\t\t\t\t\t\t<div class=\"elementor-container elementor-column-gap-narrow\">\n\t\t\t\t\t<div class=\"elementor-column elementor-col-25 elementor-top-column elementor-element elementor-element-bb09123\" data-id=\"bb09123\" data-element_type=\"column\">\n\t\t\t<div class=\"elementor-widget-wrap elementor-element-populated\">\n\t\t\t\t\t\t<div class=\"elementor-element elementor-element-d7f888e elementor-widget elementor-widget-image\" data-id=\"d7f888e\" data-element_type=\"widget\" data-widget_type=\"image.default\">\n\t\t\t\t<div class=\"elementor-widget-container\">\n\t\t\t<style>\/*! elementor - v3.21.0 - 26-05-2024 *\/\n.elementor-widget-image{text-align:center}.elementor-widget-image a{display:inline-block}.elementor-widget-image a img[src$=\".svg\"]{width:48px}.elementor-widget-image img{vertical-align:middle;display:inline-block}<\/style>\t\t\t\t\t\t\t\t\t\t\t<a href=\"https:\/\/www.demoapus-wp1.com\/superio-import2\/wp-content\/uploads\/2021\/03\/g1.jpg\" data-elementor-open-lightbox=\"yes\" data-e-action-hash=\"#elementor-action%3Aaction%3Dlightbox%26settings%3DeyJpZCI6ODU4LCJ1cmwiOmZhbHNlfQ%3D%3D\">\n\t\t\t\t\t\t\t<img decoding=\"async\" src=\"https:\/\/www.demoapus-wp1.com\/superio-import2\/wp-content\/uploads\/2021\/03\/g1.jpg\" title=\"\" alt=\"\" loading=\"lazy\" \/>\t\t\t\t\t\t\t\t<\/a>\n\t\t\t\t\t\t\t\t\t\t\t\t\t<\/div>\n\t\t\t\t<\/div>\n\t\t\t\t\t<\/div>\n\t\t<\/div>\n\t\t\t\t<div class=\"elementor-column elementor-col-25 elementor-top-column elementor-element elementor-element-00c8e70\" data-id=\"00c8e70\" data-element_type=\"column\">\n\t\t\t<div class=\"elementor-widget-wrap elementor-element-populated\">\n\t\t\t\t\t\t<div class=\"elementor-element elementor-element-8770b90 elementor-widget elementor-widget-image\" data-id=\"8770b90\" data-element_type=\"widget\" data-widget_type=\"image.default\">\n\t\t\t\t<div class=\"elementor-widget-container\">\n\t\t\t\t\t\t\t\t\t\t\t\t\t\t<a href=\"https:\/\/www.demoapus-wp1.com\/superio-import2\/wp-content\/uploads\/2021\/03\/g5.jpg\" data-elementor-open-lightbox=\"yes\" data-e-action-hash=\"#elementor-action%3Aaction%3Dlightbox%26settings%3DeyJpZCI6ODYyLCJ1cmwiOmZhbHNlfQ%3D%3D\">\n\t\t\t\t\t\t\t<img decoding=\"async\" src=\"https:\/\/www.demoapus-wp1.com\/superio-import2\/wp-content\/uploads\/2021\/03\/g5.jpg\" title=\"\" alt=\"\" loading=\"lazy\" \/>\t\t\t\t\t\t\t\t<\/a>\n\t\t\t\t\t\t\t\t\t\t\t\t\t<\/div>\n\t\t\t\t<\/div>\n\t\t\t\t<div class=\"elementor-element elementor-element-b248e7d elementor-widget elementor-widget-image\" data-id=\"b248e7d\" data-element_type=\"widget\" data-widget_type=\"image.default\">\n\t\t\t\t<div class=\"elementor-widget-container\">\n\t\t\t\t\t\t\t\t\t\t\t\t\t\t<a href=\"https:\/\/www.demoapus-wp1.com\/superio-import2\/wp-content\/uploads\/2021\/03\/g3.jpg\" data-elementor-open-lightbox=\"yes\" data-e-action-hash=\"#elementor-action%3Aaction%3Dlightbox%26settings%3DeyJpZCI6ODYwLCJ1cmwiOmZhbHNlfQ%3D%3D\">\n\t\t\t\t\t\t\t<img decoding=\"async\" src=\"https:\/\/www.demoapus-wp1.com\/superio-import2\/wp-content\/uploads\/2021\/03\/g3.jpg\" title=\"\" alt=\"\" loading=\"lazy\" \/>\t\t\t\t\t\t\t\t<\/a>\n\t\t\t\t\t\t\t\t\t\t\t\t\t<\/div>\n\t\t\t\t<\/div>\n\t\t\t\t\t<\/div>\n\t\t<\/div>\n\t\t\t\t<div class=\"elementor-column elementor-col-25 elementor-top-column elementor-element elementor-element-9af2fcf\" data-id=\"9af2fcf\" data-element_type=\"column\">\n\t\t\t<div class=\"elementor-widget-wrap elementor-element-populated\">\n\t\t\t\t\t\t<div class=\"elementor-element elementor-element-29e5317 elementor-widget elementor-widget-image\" data-id=\"29e5317\" data-element_type=\"widget\" data-widget_type=\"image.default\">\n\t\t\t\t<div class=\"elementor-widget-container\">\n\t\t\t\t\t\t\t\t\t\t\t\t\t\t<a href=\"https:\/\/www.demoapus-wp1.com\/superio-import2\/wp-content\/uploads\/2021\/03\/g4.jpg\" data-elementor-open-lightbox=\"yes\" data-e-action-hash=\"#elementor-action%3Aaction%3Dlightbox%26settings%3DeyJpZCI6ODYxLCJ1cmwiOmZhbHNlfQ%3D%3D\">\n\t\t\t\t\t\t\t<img decoding=\"async\" src=\"https:\/\/www.demoapus-wp1.com\/superio-import2\/wp-content\/uploads\/2021\/03\/g4.jpg\" title=\"\" alt=\"\" loading=\"lazy\" \/>\t\t\t\t\t\t\t\t<\/a>\n\t\t\t\t\t\t\t\t\t\t\t\t\t<\/div>\n\t\t\t\t<\/div>\n\t\t\t\t<div class=\"elementor-element elementor-element-8c57bfa elementor-widget elementor-widget-image\" data-id=\"8c57bfa\" data-element_type=\"widget\" data-widget_type=\"image.default\">\n\t\t\t\t<div class=\"elementor-widget-container\">\n\t\t\t\t\t\t\t\t\t\t\t\t\t\t<a href=\"https:\/\/www.demoapus-wp1.com\/superio-import2\/wp-content\/uploads\/2021\/03\/g6.jpg\" data-elementor-open-lightbox=\"yes\" data-e-action-hash=\"#elementor-action%3Aaction%3Dlightbox%26settings%3DeyJpZCI6ODYzLCJ1cmwiOmZhbHNlfQ%3D%3D\">\n\t\t\t\t\t\t\t<img decoding=\"async\" src=\"https:\/\/www.demoapus-wp1.com\/superio-import2\/wp-content\/uploads\/2021\/03\/g6.jpg\" title=\"\" alt=\"\" loading=\"lazy\" \/>\t\t\t\t\t\t\t\t<\/a>\n\t\t\t\t\t\t\t\t\t\t\t\t\t<\/div>\n\t\t\t\t<\/div>\n\t\t\t\t\t<\/div>\n\t\t<\/div>\n\t\t\t\t<div class=\"elementor-column elementor-col-25 elementor-top-column elementor-element elementor-element-4458324\" data-id=\"4458324\" data-element_type=\"column\">\n\t\t\t<div class=\"elementor-widget-wrap elementor-element-populated\">\n\t\t\t\t\t\t<div class=\"elementor-element elementor-element-09df5c9 elementor-widget elementor-widget-image\" data-id=\"09df5c9\" data-element_type=\"widget\" data-widget_type=\"image.default\">\n\t\t\t\t<div class=\"elementor-widget-container\">\n\t\t\t\t\t\t\t\t\t\t\t\t\t\t<a href=\"https:\/\/www.demoapus-wp1.com\/superio-import2\/wp-content\/uploads\/2021\/03\/g2.jpg\" data-elementor-open-lightbox=\"yes\" data-e-action-hash=\"#elementor-action%3Aaction%3Dlightbox%26settings%3DeyJpZCI6ODU5LCJ1cmwiOmZhbHNlfQ%3D%3D\">\n\t\t\t\t\t\t\t<img decoding=\"async\" src=\"https:\/\/www.demoapus-wp1.com\/superio-import2\/wp-content\/uploads\/2021\/03\/g2.jpg\" title=\"\" alt=\"\" loading=\"lazy\" \/>\t\t\t\t\t\t\t\t<\/a>\n\t\t\t\t\t\t\t\t\t\t\t\t\t<\/div>\n\t\t\t\t<\/div>\n\t\t\t\t\t<\/div>\n\t\t<\/div>\n\t\t\t\t\t<\/div>\n\t\t<\/section>\n\t\t\t\t<section class=\"elementor-section elementor-top-section elementor-element elementor-element-b349c76 elementor-section-stretched elementor-section-boxed elementor-section-height-default elementor-section-height-default\" data-id=\"b349c76\" data-element_type=\"section\" data-settings=\"{&quot;stretch_section&quot;:&quot;section-stretched&quot;}\">\n\t\t\t\t\t\t<div class=\"elementor-container elementor-column-gap-extended\">\n\t\t\t\t\t<div class=\"elementor-column elementor-col-100 elementor-top-column elementor-element elementor-element-1d99470\" data-id=\"1d99470\" data-element_type=\"column\">\n\t\t\t<div class=\"elementor-widget-wrap elementor-element-populated\">\n\t\t\t\t\t\t<div class=\"elementor-element elementor-element-d42aa63 elementor-widget elementor-widget-heading\" data-id=\"d42aa63\" data-element_type=\"widget\" data-widget_type=\"heading.default\">\n\t\t\t\t<div class=\"elementor-widget-container\">\n\t\t\t<style>\/*! elementor - v3.21.0 - 26-05-2024 *\/\n.elementor-heading-title{padding:0;margin:0;line-height:1}.elementor-widget-heading .elementor-heading-title[class*=elementor-size-]>a{color:inherit;font-size:inherit;line-height:inherit}.elementor-widget-heading .elementor-heading-title.elementor-size-small{font-size:15px}.elementor-widget-heading .elementor-heading-title.elementor-size-medium{font-size:19px}.elementor-widget-heading .elementor-heading-title.elementor-size-large{font-size:29px}.elementor-widget-heading .elementor-heading-title.elementor-size-xl{font-size:39px}.elementor-widget-heading .elementor-heading-title.elementor-size-xxl{font-size:59px}<\/style><h2 class=\"elementor-heading-title elementor-size-default\">Sobre n\u00f3s<\/h2>\t\t<\/div>\n\t\t\t\t<\/div>\n\t\t\t\t<div class=\"elementor-element elementor-element-f4dc3d8 elementor-widget elementor-widget-text-editor\" data-id=\"f4dc3d8\" data-element_type=\"widget\" data-widget_type=\"text-editor.default\">\n\t\t\t\t<div class=\"elementor-widget-container\">\n\t\t\t<style>\/*! elementor - v3.21.0 - 26-05-2024 *\/\n.elementor-widget-text-editor.elementor-drop-cap-view-stacked .elementor-drop-cap{background-color:#69727d;color:#fff}.elementor-widget-text-editor.elementor-drop-cap-view-framed .elementor-drop-cap{color:#69727d;border:3px solid;background-color:transparent}.elementor-widget-text-editor:not(.elementor-drop-cap-view-default) .elementor-drop-cap{margin-top:8px}.elementor-widget-text-editor:not(.elementor-drop-cap-view-default) .elementor-drop-cap-letter{width:1em;height:1em}.elementor-widget-text-editor .elementor-drop-cap{float:left;text-align:center;line-height:1;font-size:50px}.elementor-widget-text-editor .elementor-drop-cap-letter{display:inline-block}<\/style>\t\t\t\t<p>O site de Vagas de Emprego da Sociedade do Notici\u00e1rio \u00e9 uma plataforma inovadora que conecta candidatos a oportunidades de emprego em diversas \u00e1reas, promovendo a inclus\u00e3o e o crescimento profissional. Com um design intuitivo e recursos avan\u00e7ados de busca, o site oferece uma experi\u00eancia personalizada, permitindo que os usu\u00e1rios encontrem vagas que se alinhem com suas habilidades e aspira\u00e7\u00f5es.<\/p>\t\t\t\t\t\t<\/div>\n\t\t\t\t<\/div>\n\t\t\t\t\t<\/div>\n\t\t<\/div>\n\t\t\t\t\t<\/div>\n\t\t<\/section>\n\t\t\t\t<section class=\"elementor-section elementor-top-section elementor-element elementor-element-52a454a elementor-section-stretched elementor-section-boxed elementor-section-height-default elementor-section-height-default\" data-id=\"52a454a\" data-element_type=\"section\" data-settings=\"{&quot;stretch_section&quot;:&quot;section-stretched&quot;,&quot;background_background&quot;:&quot;classic&quot;}\">\n\t\t\t\t\t\t<div class=\"elementor-container elementor-column-gap-extended\">\n\t\t\t\t\t<div class=\"elementor-column elementor-col-100 elementor-top-column elementor-element elementor-element-2492c0f\" data-id=\"2492c0f\" data-element_type=\"column\">\n\t\t\t<div class=\"elementor-widget-wrap elementor-element-populated\">\n\t\t\t\t\t\t<div class=\"elementor-element elementor-element-0913b4d elementor-widget elementor-widget-apus_element_testimonials\" data-id=\"0913b4d\" data-element_type=\"widget\" data-widget_type=\"apus_element_testimonials.default\">\n\t\t\t\t<div class=\"elementor-widget-container\">\n\t\t\t            <div class=\"widget-testimonials  style2\">\n                \n                    <div class=\"slick-carousel testimonial-main \" data-items=\"1\" data-smallmedium=\"1\" data-extrasmall=\"1\" data-pagination=\"true\" data-nav=\"false\" data-infinite=\"true\">\n                                                                        <div class=\"item\">\n                                <div class=\"testimonials-item style2\">\n                                                                                                                                                                <h3 class=\"title text-theme\">Miss\u00e3o<\/h3>\n                                                                                                                            <div class=\"description\">Nossa miss\u00e3o \u00e9 facilitar a inser\u00e7\u00e3o e o desenvolvimento profissional de indiv\u00edduos em busca de novas oportunidades, promovendo um ambiente de trabalho diversificado e inclusivo. Buscamos ser a ponte entre talentos e empresas, contribuindo para o crescimento econ\u00f4mico e social da comunidade.<\/div>\n                                                                                <div class=\"info-testimonials\">\n\n                                            \n                                            \n                                        <\/div>\n                                                                    <\/div>\n\n                        <\/div>\n                                                                        <div class=\"item\">\n                                <div class=\"testimonials-item style2\">\n                                                                                                                                                                <h3 class=\"title text-theme\">Vis\u00e3o<\/h3>\n                                                                                                                            <div class=\"description\">Ser a principal plataforma de vagas de emprego reconhecida pela sua efic\u00e1cia, inova\u00e7\u00e3o e comprometimento com o desenvolvimento profissional. Queremos ser a escolha preferida de candidatos e empresas, promovendo uma cultura de excel\u00eancia e inclus\u00e3o no mercado de trabalho.<\/div>\n                                                                                <div class=\"info-testimonials\">\n\n                                            \n                                            \n                                        <\/div>\n                                                                    <\/div>\n\n                        <\/div>\n                                                                        <div class=\"item\">\n                                <div class=\"testimonials-item style2\">\n                                                                                                                                                                <h3 class=\"title text-theme\">Objetivos<\/h3>\n                                                                                                                            <div class=\"description\">Conectar Talentos e Empresas: Facilitar o encontro entre candidatos qualificados e empresas que buscam novos colaboradores.\n    Oferecer Recursos de Desenvolvimento: Disponibilizar conte\u00fados e ferramentas que ajudem os usu\u00e1rios a se prepararem melhor para o mercado de trabalho.\n    Promover a Diversidade: Incentivar a inclus\u00e3o de grupos sub-representados no mercado de trabalho, garantindo igualdade de oportunidades.\n    Aprimorar a Experi\u00eancia do Usu\u00e1rio: Continuamente melhorar a interface e as funcionalidades do site para atender \u00e0s necessidades dos usu\u00e1rios.\n    Estabelecer Parcerias: Colaborar com institui\u00e7\u00f5es educacionais e organiza\u00e7\u00f5es sem fins lucrativos para promover programas de capacita\u00e7\u00e3o e desenvolvimento de carreira.<\/div>\n                                                                                <div class=\"info-testimonials\">\n\n                                            \n                                            \n                                        <\/div>\n                                                                    <\/div>\n\n                        <\/div>\n                                            <\/div>\n\n                            <\/div>\n            \t\t<\/div>\n\t\t\t\t<\/div>\n\t\t\t\t\t<\/div>\n\t\t<\/div>\n\t\t\t\t\t<\/div>\n\t\t<\/section>\n\t\t\t\t<\/div>\n\t\t","protected":false},"excerpt":{"rendered":"<p>Sobre n\u00f3s O site de Vagas de Emprego da Sociedade do Notici\u00e1rio \u00e9 uma plataforma inovadora que conecta candidatos a oportunidades de emprego em diversas \u00e1reas, promovendo a inclus\u00e3o e o crescimento profissional. Com um design intuitivo e recursos avan\u00e7ados de busca, o site oferece uma experi\u00eancia personalizada, permitindo que os usu\u00e1rios encontrem vagas que<\/p>\n","protected":false},"author":1,"featured_media":0,"parent":0,"menu_order":0,"comment_status":"closed","ping_status":"closed","template":"","meta":{"_rtcl_gb_attr":"","inline_featured_image":false,"footnotes":""},"class_list":["post-40","page","type-page","status-publish","hentry"],"_links":{"self":[{"href":"https:\/\/emprego.jornalnoticias.co.mz\/index.php\/wp-json\/wp\/v2\/pages\/40","targetHints":{"allow":["GET"]}}],"collection":[{"href":"https:\/\/emprego.jornalnoticias.co.mz\/index.php\/wp-json\/wp\/v2\/pages"}],"about":[{"href":"https:\/\/emprego.jornalnoticias.co.mz\/index.php\/wp-json\/wp\/v2\/types\/page"}],"author":[{"embeddable":true,"href":"https:\/\/emprego.jornalnoticias.co.mz\/index.php\/wp-json\/wp\/v2\/users\/1"}],"replies":[{"embeddable":true,"href":"https:\/\/emprego.jornalnoticias.co.mz\/index.php\/wp-json\/wp\/v2\/comments?post=40"}],"version-history":[{"count":16,"href":"https:\/\/emprego.jornalnoticias.co.mz\/index.php\/wp-json\/wp\/v2\/pages\/40\/revisions"}],"predecessor-version":[{"id":7125,"href":"https:\/\/emprego.jornalnoticias.co.mz\/index.php\/wp-json\/wp\/v2\/pages\/40\/revisions\/7125"}],"wp:attachment":[{"href":"https:\/\/emprego.jornalnoticias.co.mz\/index.php\/wp-json\/wp\/v2\/media?parent=40"}],"curies":[{"name":"wp","href":"https:\/\/api.w.org\/{rel}","templated":true}]}}