{"id":154,"date":"2021-03-17T10:22:13","date_gmt":"2021-03-17T10:22:13","guid":{"rendered":"https:\/\/www.demoapus-wp1.com\/superio-import2\/?page_id=154"},"modified":"2021-03-17T10:22:13","modified_gmt":"2021-03-17T10:22:13","slug":"login-register","status":"publish","type":"page","link":"https:\/\/emprego.jornalnoticias.co.mz\/index.php\/login-register\/","title":{"rendered":"Login\/Register"},"content":{"rendered":"\t\t<div data-elementor-type=\"wp-page\" data-elementor-id=\"154\" class=\"elementor elementor-154\">\n\t\t\t\t\t\t<section class=\"elementor-section elementor-top-section elementor-element elementor-element-5426ddd elementor-section-stretched elementor-section-boxed elementor-section-height-default elementor-section-height-default\" data-id=\"5426ddd\" data-element_type=\"section\" data-settings=\"{&quot;stretch_section&quot;:&quot;section-stretched&quot;}\">\n\t\t\t\t\t\t<div class=\"elementor-container elementor-column-gap-extended\">\n\t\t\t\t\t<div class=\"elementor-column elementor-col-50 elementor-top-column elementor-element elementor-element-50e3c4b\" data-id=\"50e3c4b\" data-element_type=\"column\">\n\t\t\t<div class=\"elementor-widget-wrap elementor-element-populated\">\n\t\t\t\t\t\t<div class=\"elementor-element elementor-element-9920961 elementor-widget elementor-widget-heading\" data-id=\"9920961\" data-element_type=\"widget\" data-widget_type=\"heading.default\">\n\t\t\t\t<div class=\"elementor-widget-container\">\n\t\t\t<style>\/*! elementor - v3.21.0 - 26-05-2024 *\/\n.elementor-heading-title{padding:0;margin:0;line-height:1}.elementor-widget-heading .elementor-heading-title[class*=elementor-size-]>a{color:inherit;font-size:inherit;line-height:inherit}.elementor-widget-heading .elementor-heading-title.elementor-size-small{font-size:15px}.elementor-widget-heading .elementor-heading-title.elementor-size-medium{font-size:19px}.elementor-widget-heading .elementor-heading-title.elementor-size-large{font-size:29px}.elementor-widget-heading .elementor-heading-title.elementor-size-xl{font-size:39px}.elementor-widget-heading .elementor-heading-title.elementor-size-xxl{font-size:59px}<\/style><h2 class=\"elementor-heading-title elementor-size-default\">Login to superio<\/h2>\t\t<\/div>\n\t\t\t\t<\/div>\n\t\t\t\t<div class=\"elementor-element elementor-element-af47eb6 elementor-widget elementor-widget-shortcode\" data-id=\"af47eb6\" data-element_type=\"widget\" data-widget_type=\"shortcode.default\">\n\t\t\t\t<div class=\"elementor-widget-container\">\n\t\t\t\t\t<div class=\"elementor-shortcode\"><div class=\"login-form-wrapper\">\n\t<div id=\"login-form-wrapper8547\" class=\"form-container\">\t\t\t\n\t\t\t\t\n\t\t<form class=\"login-form\" action=\"https:\/\/emprego.jornalnoticias.co.mz\/\" method=\"post\">\n\t\t\t\t\t\t<div class=\"form-group\">\n\t\t\t\t<label>Email<\/label>\n\t\t\t\t<input autocomplete=\"off\" type=\"text\" name=\"username\" class=\"form-control\" id=\"username_or_email\" placeholder=\"Email\">\n\t\t\t<\/div>\n\t\t\t<div class=\"form-group\">\n\t\t\t\t<label>Senha<\/label>\n\t\t\t\t<span class=\"show_hide_password\">\n\t\t\t\t\t<input name=\"password\" type=\"password\" class=\"password required form-control\" id=\"login_password\" placeholder=\"Senha\">\n\t\t\t\t\t<a class=\"toggle-password\" title=\"Mostrar\"><span class=\"dashicons dashicons-hidden\"><\/span><\/a>\n\t\t\t\t<\/span>\n\t\t\t<\/div>\n\n\t\t\t<div class=\"row form-group info\">\n\t\t\t\t<div class=\"col-sm-6\">\n\t\t\t\t\t<label for=\"user-remember-field8547\" class=\"remember\">\n\t\t\t\t\t\t<input type=\"checkbox\" name=\"remember\" id=\"user-remember-field8547\" value=\"true\"> Mantenha-me conectado\t\t\t\t\t<\/label>\n\t\t\t\t<\/div>\n\t\t\t\t<div class=\"col-sm-6 link-right\">\n\t\t\t\t\t<a class=\"back-link\" href=\"#forgot-password-form-wrapper8547\" title=\"Senha esquecida\">Esqueceu sua senha?<\/a>\n\t\t\t\t<\/div>\n\t\t\t<\/div>\n\t\t\t\n\t\t\t\t\t\t\n\t\t\t<div class=\"form-group\">\n\t\t\t\t<input type=\"submit\" class=\"btn btn-theme btn-block\" name=\"submit\" value=\"Entrar\"\/>\n\t\t\t<\/div>\n\t\t\t<input type=\"hidden\" id=\"security_login\" name=\"security_login\" value=\"07a3de47f0\" \/><input type=\"hidden\" name=\"_wp_http_referer\" value=\"\/index.php\/wp-json\/wp\/v2\/pages\/154\" \/>\t\t\t\t\t<\/form>\n\t<\/div>\n\t<!-- reset form -->\n\t<div id=\"forgot-password-form-wrapper8547\" class=\"form-container forgotpassword-form-wrapper\">\n\t\t<div class=\"top-info-user text-center1\">\n\t\t\t<h3 class=\"title\">Redefinir senha<\/h3>\n\t\t\t<div class=\"des\">Por favor, insira o nome de usu\u00e1rio ou o e-mail.<\/div>\n\t\t<\/div>\n\t\t<form name=\"forgotpasswordform\" class=\"forgotpassword-form\" action=\"https:\/\/emprego.jornalnoticias.co.mz\/wp-login.php?action=lostpassword\" method=\"post\">\n\t\t\t<div class=\"lostpassword-fields\">\n\t\t\t\t<div class=\"form-group\">\n\t\t\t\t\t<input type=\"text\" name=\"user_login\" class=\"user_login form-control\" id=\"lostpassword_username\" placeholder=\"Nome de usu\u00e1rio ou e-mail\">\n\t\t\t\t<\/div>\n\t\t\t\t<input type=\"hidden\" id=\"security_lostpassword\" name=\"security_lostpassword\" value=\"40056b1439\" \/><input type=\"hidden\" name=\"_wp_http_referer\" value=\"\/index.php\/wp-json\/wp\/v2\/pages\/154\" \/>\n\t            <div id=\"recaptcha-forgotpasswordform\" class=\"ga-recaptcha\" data-sitekey=\"\"><\/div>\n\t\t      \t\n\t\t\t\t<div class=\"form-group\">\n\t\t\t\t\t<div class=\"row\">\n\t\t\t\t\t\t<div class=\"col-xs-6\"><input type=\"submit\" class=\"btn btn-theme btn-sm btn-block\" name=\"wp-submit\" value=\"Obtenha nova senha\" tabindex=\"100\" \/><\/div>\n\t\t\t\t\t<\/div>\n\t\t\t\t<\/div>\n\t\t\t<\/div>\n\t\t\t<div class=\"lostpassword-link\"><a href=\"#login-form-wrapper8547\" class=\"back-link\">Voltar ao login<\/a><\/div>\n\t\t<\/form>\n\t<\/div>\n<\/div>\n<\/div>\n\t\t\t\t<\/div>\n\t\t\t\t<\/div>\n\t\t\t\t\t<\/div>\n\t\t<\/div>\n\t\t\t\t<div class=\"elementor-column elementor-col-50 elementor-top-column elementor-element elementor-element-a62c626\" data-id=\"a62c626\" data-element_type=\"column\">\n\t\t\t<div class=\"elementor-widget-wrap elementor-element-populated\">\n\t\t\t\t\t\t<div class=\"elementor-element elementor-element-e1f4ec0 elementor-widget elementor-widget-heading\" data-id=\"e1f4ec0\" data-element_type=\"widget\" data-widget_type=\"heading.default\">\n\t\t\t\t<div class=\"elementor-widget-container\">\n\t\t\t<h2 class=\"elementor-heading-title elementor-size-default\">Create a free superio account<\/h2>\t\t<\/div>\n\t\t\t\t<\/div>\n\t\t\t\t<div class=\"elementor-element elementor-element-565b26e elementor-widget elementor-widget-shortcode\" data-id=\"565b26e\" data-element_type=\"widget\" data-widget_type=\"shortcode.default\">\n\t\t\t\t<div class=\"elementor-widget-container\">\n\t\t\t\t\t<div class=\"elementor-shortcode\">\n<div class=\"register-form register-form-wrapper\">\n\n\t\t    <ul class=\"role-tabs nav nav-tabs\">\n\t        <li class=\"active\"><a data-toggle=\"tab\" href=\"#apus_register_form_candidate_ciCTw\"><i class=\"flaticon-user\"><\/i>Candidato<\/a><\/li>\n\t        <li><a data-toggle=\"tab\" href=\"#apus_register_form_employer_ciCTw\"><i class=\"flaticon-briefcase\"><\/i>Empregador<\/a><\/li>\n\t    <\/ul>\n\t\n\t<div class=\"tab-content clearfix\">\n\t\t\t\t    <div class=\"tab-pane active in\" id=\"apus_register_form_candidate_ciCTw\">\n\t\t        <form name=\"registerForm\" method=\"post\" class=\"register-form register-form-candidate\">\n\t\t          \t\t\n\t\t\t\t\t\n\t\t\t\t\t<input type=\"hidden\" name=\"role\" value=\"wp_job_board_pro_candidate\">\n\n\t\t\t\t\t<div class=\"form-group\">\n\t\t\t\t\t\t<label>Email *<\/label>\n\t\t\t\t\t\t<input type=\"text\" class=\"form-control\" name=\"email\" placeholder=\"Email *\" required>\n\t\t\t\t\t<\/div>\n\t\t\t\t\t<div class=\"form-group\">\n\t\t\t\t\t\t<label>Senha *<\/label>\n\t\t\t\t\t\t<span class=\"show_hide_password\">\n\t\t\t\t\t\t\t<input type=\"password\" class=\"form-control\" name=\"password\" placeholder=\"Senha *\" required>\n\t\t\t\t\t\t\t<a class=\"toggle-password\" title=\"Mostrar\"><span class=\"dashicons dashicons-hidden\"><\/span><\/a>\n\t\t\t\t\t\t<\/span>\n\t\t\t\t\t<\/div>\n\t\t\t\t\t<div class=\"form-group\">\n\t\t\t\t\t\t<label>Confirme sua senha *<\/label>\n\t\t\t\t\t\t<span class=\"show_hide_password\">\n\t\t\t\t\t\t\t<input type=\"password\" class=\"form-control\" name=\"confirmpassword\" placeholder=\"Confirme sua senha *\" required>\n\t\t\t\t\t\t\t<a class=\"toggle-password\" title=\"Mostrar\"><span class=\"dashicons dashicons-hidden\"><\/span><\/a>\n\t\t\t\t\t\t<\/span>\n\t\t\t\t\t<\/div>\n\n\t\t\t\t\t\n\n\t\t\t\t\t<input type=\"hidden\" id=\"security_register_candidate\" name=\"security_register_candidate\" value=\"85e04b73c9\" \/><input type=\"hidden\" name=\"_wp_http_referer\" value=\"\/index.php\/wp-json\/wp\/v2\/pages\/154\" \/>\n\t\t\t\t\t\t\t\t      \t\n\t\t\t      \t\t\t\t\t\t\t<div class=\"form-group\">\n\t\t\t\t\t\t\t<label for=\"candidate-register-terms-and-conditions\">\n\t\t\t\t\t\t\t\t<input type=\"checkbox\" name=\"terms_and_conditions\" value=\"on\" id=\"candidate-register-terms-and-conditions\" required>\n\t\t\t\t\t\t\t\tVoc\u00ea aceita nossos <a href=\"https:\/\/emprego.jornalnoticias.co.mz\/index.php\/terms\/\" target=\"_blank\">Termos e Condi\u00e7\u00f5es e Pol\u00edtica de Privacidade<\/a>\t\t\t\t\t\t\t<\/label>\n\t\t\t\t\t\t<\/div>\n\t\t\t\t\t\n\t\t\t\t\t<div class=\"form-group text-center\">\n\t\t\t\t\t\t<button type=\"submit\" class=\"btn btn-theme btn-block\" name=\"submitRegister\">\n\t\t\t\t\t\t\tRegistre-se agora\t\t\t\t\t\t<\/button>\n\t\t\t\t\t<\/div>\n\n\t\t\t\t\t\t\t      \t<\/form>\n\t\t    <\/div>\n\t\t\t\t\t\t    <div class=\"tab-pane \" id=\"apus_register_form_employer_ciCTw\">\n\t\t        <form name=\"registerForm\" method=\"post\" class=\"register-form register-form-employer\">\n\t\t          \t\t\n\t\t\t\t\t\n\t\t\t\t\t<input type=\"hidden\" name=\"role\" value=\"wp_job_board_pro_employer\">\n\t\t\t\t\t\n\t\t\t\t\t<div class=\"form-group\">\n\t\t\t\t\t\t<label>Email *<\/label>\n\t\t\t\t\t\t<input type=\"text\" class=\"form-control\" name=\"email\" placeholder=\"Email *\" required>\n\t\t\t\t\t<\/div>\n\t\t\t\t\t<div class=\"form-group\">\n\t\t\t\t\t\t<label>Senha *<\/label>\n\t\t\t\t\t\t<span class=\"show_hide_password\">\n\t\t\t\t\t\t\t<input type=\"password\" class=\"form-control\" name=\"password\" placeholder=\"Senha *\" required>\n\t\t\t\t\t\t\t<a class=\"toggle-password\" title=\"Mostrar\"><span class=\"dashicons dashicons-hidden\"><\/span><\/a>\n\t\t\t\t\t\t<\/span>\n\t\t\t\t\t<\/div>\n\t\t\t\t\t<div class=\"form-group\">\n\t\t\t\t\t\t<label>Confirme sua senha *<\/label>\n\t\t\t\t\t\t<span class=\"show_hide_password\">\n\t\t\t\t\t\t\t<input type=\"password\" class=\"form-control\" name=\"confirmpassword\" placeholder=\"Confirme sua senha *\" required>\n\t\t\t\t\t\t\t<a class=\"toggle-password\" title=\"Mostrar\"><span class=\"dashicons dashicons-hidden\"><\/span><\/a>\n\t\t\t\t\t\t<\/span>\n\t\t\t\t\t<\/div>\n\n\t\t\t\t\t\n\n\t\t\t\t\t<input type=\"hidden\" id=\"security_register_employer\" name=\"security_register_employer\" value=\"12cb31cbf3\" \/><input type=\"hidden\" name=\"_wp_http_referer\" value=\"\/index.php\/wp-json\/wp\/v2\/pages\/154\" \/>\n\t\t\t\t\t\t\t\t      \t\n\t\t\t      \t\t\t\t\t\t\t<div class=\"form-group\">\n\t\t\t\t\t\t\t<label for=\"employer-register-terms-and-conditions\">\n\t\t\t\t\t\t\t\t<input type=\"checkbox\" name=\"terms_and_conditions\" value=\"on\" id=\"employer-register-terms-and-conditions\" required>\n\t\t\t\t\t\t\t\tVoc\u00ea aceita nossos <a href=\"https:\/\/emprego.jornalnoticias.co.mz\/index.php\/terms\/\" target=\"_blank\">Termos e Condi\u00e7\u00f5es e Pol\u00edtica de Privacidade<\/a>\t\t\t\t\t\t\t<\/label>\n\t\t\t\t\t\t<\/div>\n\t\t\t\t\t\n\t\t\t\t\t<div class=\"form-group text-center\">\n\t\t\t\t\t\t<button type=\"submit\" class=\"btn btn-theme btn-block\" name=\"submitRegister\">\n\t\t\t\t\t\t\tRegistre-se agora\t\t\t\t\t\t<\/button>\n\t\t\t\t\t<\/div>\n\n\t\t\t\t\t\t\t      \t<\/form>\n\t\t    <\/div>\n\t\t\n\t\t\t<\/div>\n<\/div><\/div>\n\t\t\t\t<\/div>\n\t\t\t\t<\/div>\n\t\t\t\t\t<\/div>\n\t\t<\/div>\n\t\t\t\t\t<\/div>\n\t\t<\/section>\n\t\t\t\t<\/div>\n\t\t","protected":false},"excerpt":{"rendered":"<p>Login to superio Create a free superio account<\/p>\n","protected":false},"author":1,"featured_media":0,"parent":0,"menu_order":0,"comment_status":"closed","ping_status":"closed","template":"","meta":{"_rtcl_gb_attr":"","inline_featured_image":false,"footnotes":""},"class_list":["post-154","page","type-page","status-publish","hentry"],"_links":{"self":[{"href":"https:\/\/emprego.jornalnoticias.co.mz\/index.php\/wp-json\/wp\/v2\/pages\/154","targetHints":{"allow":["GET"]}}],"collection":[{"href":"https:\/\/emprego.jornalnoticias.co.mz\/index.php\/wp-json\/wp\/v2\/pages"}],"about":[{"href":"https:\/\/emprego.jornalnoticias.co.mz\/index.php\/wp-json\/wp\/v2\/types\/page"}],"author":[{"embeddable":true,"href":"https:\/\/emprego.jornalnoticias.co.mz\/index.php\/wp-json\/wp\/v2\/users\/1"}],"replies":[{"embeddable":true,"href":"https:\/\/emprego.jornalnoticias.co.mz\/index.php\/wp-json\/wp\/v2\/comments?post=154"}],"version-history":[{"count":0,"href":"https:\/\/emprego.jornalnoticias.co.mz\/index.php\/wp-json\/wp\/v2\/pages\/154\/revisions"}],"wp:attachment":[{"href":"https:\/\/emprego.jornalnoticias.co.mz\/index.php\/wp-json\/wp\/v2\/media?parent=154"}],"curies":[{"name":"wp","href":"https:\/\/api.w.org\/{rel}","templated":true}]}}